{"id":1303,"date":"2023-08-18T06:23:05","date_gmt":"2023-08-18T04:23:05","guid":{"rendered":"https:\/\/sarep.de\/homepage\/"},"modified":"2025-09-17T14:43:02","modified_gmt":"2025-09-17T12:43:02","slug":"homepage","status":"publish","type":"page","link":"https:\/\/sarep.de\/de\/","title":{"rendered":"Homepage"},"content":{"rendered":"\n<div class=\"wp-block-uagb-container uagb-block-65d89d2e alignfull uagb-is-root-container\">\n<div class=\"wp-block-uagb-container uagb-block-bb1f9de6\">\n<figure class=\"wp-block-embed is-type-video is-provider-youtube wp-block-embed-youtube wp-embed-aspect-16-9 wp-has-aspect-ratio\"><div class=\"wp-block-embed__wrapper\">\n<iframe loading=\"lazy\" title=\"SAREP Trailer\" width=\"500\" height=\"281\" src=\"https:\/\/www.youtube.com\/embed\/cHatad5aE-M?feature=oembed\" frameborder=\"0\" allow=\"accelerometer; autoplay; clipboard-write; encrypted-media; gyroscope; picture-in-picture; web-share\" referrerpolicy=\"strict-origin-when-cross-origin\" allowfullscreen><\/iframe>\n<\/div><\/figure>\n<\/div>\n\n\n      \n\t\t\t<div class=\"uagb-icon-wrapper uagb-block-6fc0efc8  wp-block-uagb-icon--has-margin    \"\n\t\t\tstyle=\"\" >\n\t\t\t\t\t\t\t\t<div class='uagb-icon-margin-wrapper'>\n\t\t\t\t\t\t\t\t\t<span class=\"uagb-svg-wrapper\" \n\t\t\t\t\t aria-label=\"circle-chevron-down\"\t\t\t\t\ttabindex=\"0\">\t\t\n\t\t\t\t\t\t\t\t\t\t<a rel=\"noopener noreferrer\" href=\"http:\/\/#content\" target=\"_self\"><svg xmlns=\"https:\/\/www.w3.org\/2000\/svg\" viewBox= \"0 0 512 512\" role=\"graphics-symbol\" aria-hidden=\"false\" aria-label=\"\"><path d=\"M256 0C114.6 0 0 114.6 0 256c0 141.4 114.6 256 256 256s256-114.6 256-256C512 114.6 397.4 0 256 0zM390.6 246.6l-112 112C272.4 364.9 264.2 368 256 368s-16.38-3.125-22.62-9.375l-112-112c-12.5-12.5-12.5-32.75 0-45.25s32.75-12.5 45.25 0L256 290.8l89.38-89.38c12.5-12.5 32.75-12.5 45.25 0S403.1 234.1 390.6 246.6z\"><\/path><\/svg><\/a>\n\t\t\t\t\t\t\t\t\t<\/span>\n\t\t\t\t\t\t\t\t<\/div>\n\t\t\t\t\t\t\t<\/div>\n\t\t\t<\/div>\n\n\n\n<div id=\"content\" class=\"wp-block-uagb-container uagb-block-9cc45391 alignfull uagb-is-root-container\"><div class=\"uagb-container-inner-blocks-wrap\">\n<h2 class=\"wp-block-heading\" style=\"text-transform:uppercase\">Globale Herausforderungen  <\/h2>\n<\/div><\/div>\n\n\n\n<div class=\"wp-block-uagb-container uagb-block-0830782c alignfull uagb-is-root-container\"><div class=\"uagb-container-inner-blocks-wrap\">\n<div class=\"wp-block-uagb-container uagb-block-ddbefdf1\">\n<p>Der globale Klimawandel erfordert kurzfristig und dringend wirksame Ma\u00dfnahmen zur Reduzierung des Aussto\u00dfes von CO<sub>2<\/sub> bzw. Treibhausgasen. Das Net-Zero-Ziel f\u00fcr 2050 gibt den ehrgeizigen Weg zur Fortsetzung und Intensivierung dieser Ma\u00dfnahmen vor. <br><br>Der Ersatz fossiler Brennstoffe durch die konsequente Nutzung erneuerbarer Energien zur Stromerzeugung und der \u00dcbergang zu alternativen Kraftstoffen wie gr\u00fcnem Wasserstoff und Biokraftstoffen &#8211; insbesondere bei den Verbrauchern in Industrie und Verkehr &#8211; ist ein wichtiger Beitrag zur angestrebten Emissionsreduzierung. Dies erfordert die rechtzeitige und zuverl\u00e4ssige Bereitstellung von gr\u00fcnen Kraftstoffen in gro\u00dfem Umfang.<\/p>\n<\/div>\n\n\n\n<div class=\"wp-block-uagb-container uagb-block-52e17936\">\n<p>Es ist jedoch bereits heute absehbar, dass die Reduzierung der Emissionen allein f\u00fcr Net-Zero 2050 nicht ausreichen wird. Parallel dazu m\u00fcssen Strategien entwickelt und umgesetzt werden, die eine Kohlenstoffentfernung erm\u00f6glichen, d.h. eine gro\u00df angelegte Abscheidung und sichere Speicherung von atmosph\u00e4rischem CO<sub>2<\/sub>.<br>Die Ma\u00dfnahmen zur Eind\u00e4mmung des Klimawandels m\u00fcssen mit Antworten auf die Herausforderungen des globalen Bev\u00f6lkerungswachstums und des internationalen Wohlstandsgef\u00e4lles vereinbar sein, die sich in diesem Jahrhundert ebenfalls verst\u00e4rken werden.<\/p>\n<\/div>\n<\/div><\/div>\n\n\n\n<h2 class=\"wp-block-heading alignwide has-text-align-left\" style=\"margin-top:var(--wp--preset--spacing--50);margin-bottom:var(--wp--preset--spacing--50);text-transform:uppercase\">Vision<\/h2>\n\n\n\n<div class=\"wp-block-uagb-container uagb-block-319ee5e0 alignfull uagb-is-root-container\"><div class=\"uagb-container-inner-blocks-wrap\">\n<div class=\"wp-block-uagb-container uagb-block-f1580737\">\n<p>SAREP dient als Vision f\u00fcr einen gr\u00fcnen Entwicklungspfad f\u00fcr die angrenzenden Staaten der Sahara. Das Narrativ f\u00fcr diese Vision basiert auf der Tatsache, dass es in der Geschichte der Sahara mehrere Phasen gab, in denen sich ver\u00e4ndernde klimatische Bedingungen dazu gef\u00fchrt haben, dass die W\u00fcste durch tropische Savannen ersetzt wurde, die reich an Wasser, Flora und Fauna sind. Wir leben in einer Phase sich ver\u00e4ndernder klimatischer Bedingungen, die sogar die Ausbreitung von W\u00fcsten beg\u00fcnstigen, was uns dazu veranlasst, ein nachhaltiges System zu schaffen, um diesen Trend umzukehren. Durch den Einsatz von moderner Technologie und Know-how soll eine &#8222;Renaissance&#8220; der Sahara erreicht werden.   <br><br>Sobald die erste Projektphase in Mauretanien ihre Machbarkeit bewiesen hat, sollte das Projekt ausgeweitet werden, um einen durchgehenden gr\u00fcnen G\u00fcrtel von Afrikas Atlantikk\u00fcste im Westen bis zum Roten Meer im Osten zu schaffen, der durch Mauretanien, Mali, Algerien, Niger, Tschad und Sudan verl\u00e4uft.<br><\/p>\n<\/div>\n\n\n\n<div class=\"wp-block-uagb-container uagb-block-25313371\">\n<figure class=\"wp-block-image size-full\"><img loading=\"lazy\" decoding=\"async\" width=\"1000\" height=\"1002\" src=\"https:\/\/sarep.de\/wp-content\/uploads\/2025\/01\/sarep_map.webp\" alt=\"\" class=\"wp-image-1445\" srcset=\"https:\/\/sarep.de\/wp-content\/uploads\/2025\/01\/sarep_map.webp 1000w, https:\/\/sarep.de\/wp-content\/uploads\/2025\/01\/sarep_map-300x300.webp 300w, https:\/\/sarep.de\/wp-content\/uploads\/2025\/01\/sarep_map-150x150.webp 150w, https:\/\/sarep.de\/wp-content\/uploads\/2025\/01\/sarep_map-768x770.webp 768w, https:\/\/sarep.de\/wp-content\/uploads\/2025\/01\/sarep_map-100x100.webp 100w, https:\/\/sarep.de\/wp-content\/uploads\/2025\/01\/sarep_map-400x400.webp 400w, https:\/\/sarep.de\/wp-content\/uploads\/2025\/01\/sarep_map-600x600.webp 600w\" sizes=\"auto, (max-width: 1000px) 100vw, 1000px\" \/><\/figure>\n<\/div>\n<\/div><\/div>\n\n\n\n<div class=\"wp-block-uagb-container uagb-block-ec2431e0 alignfull uagb-is-root-container\"><div class=\"uagb-container-inner-blocks-wrap\">\n<div class=\"wp-block-uagb-container uagb-block-ea1cfea5\">\n<div class=\"wp-block-uagb-testimonial uagb-slick-carousel uagb-tm__arrow-outside uagb-block-5b1d1023 uagb-post__carousel_notset uagb-post__carousel_notset-tablet uagb-post__carousel_notset-mobile\"><div class=\"is-carousel uagb-tm__columns-1 uagb-tm__items\"><div class=\"uagb-testimonial__wrap  uagb-tm__imgicon-style-circle uagb-tm__image-position-bottom uagb-tm__bg-type-none \"><div class=\"uagb-tm__content\"><div class=\"uagb-tm__overlay\"><\/div><div class=\"uagb-tm__text-wrap\"><div class=\"uagb-tm__desc\"><em>\u201c I am amazed by the scale in which you think and work. It always bothered me when I read reports raving about capturing, say, 900 tons of CO<sub>2<\/sub> per week. Other articles reported that they were able to absorb and store the CO<sub>2<\/sub> from 12,000 cars. That&#8217;s just nothing. You have to think in terms of the dimensions that you are realizing in your project.\u201d<\/em><\/div><div class=\"uagb-tm__meta-inner\"><div class=\"uagb-tm__image-content\"><div class=\"uagb-tm__image\"><img decoding=\"async\" class=\"uagb-tm-img-src\" src=\"https:\/\/sarep.de\/wp-content\/uploads\/2024\/07\/gottschalk-1.jpg\" alt=\"\" width=\"60\" height=\"60\" loading=\"lazy\"\/><\/div><\/div><div class=\"uagb-testimonial-details\"><span class=\"uagb-tm__author-name\"><strong>Prof. Dr. Dr. h.c. mult. Gerhard Gottschalk<\/strong><\/span><span class=\"uagb-tm__company\">Microbiologist and former President of the Union of the German Academies of Sciences and Humanities<br> and the All European Academies (ALLEA)<\/span><\/div><\/div><\/div><\/div><\/div><\/div><\/div>\n<\/div>\n\n\n\n<div class=\"wp-block-uagb-container uagb-block-e09a8c89\">\n<figure data-wp-context=\"{&quot;imageId&quot;:&quot;69e1d9f54dfdb&quot;}\" data-wp-interactive=\"core\/image\" data-wp-key=\"69e1d9f54dfdb\" class=\"wp-block-image size-full wp-lightbox-container\"><img decoding=\"async\" data-wp-class--hide=\"state.isContentHidden\" data-wp-class--show=\"state.isContentVisible\" data-wp-init=\"callbacks.setButtonStyles\" data-wp-on--click=\"actions.showLightbox\" data-wp-on--load=\"callbacks.setButtonStyles\" data-wp-on-window--resize=\"callbacks.setButtonStyles\" src=\"https:\/\/sarep.de\/wp-content\/uploads\/2025\/03\/sarep_urkunde.jpg\" alt=\"\"\/><button\n\t\t\tclass=\"lightbox-trigger\"\n\t\t\ttype=\"button\"\n\t\t\taria-haspopup=\"dialog\"\n\t\t\taria-label=\"Vergr\u00f6\u00dfern\"\n\t\t\tdata-wp-init=\"callbacks.initTriggerButton\"\n\t\t\tdata-wp-on--click=\"actions.showLightbox\"\n\t\t\tdata-wp-style--right=\"state.imageButtonRight\"\n\t\t\tdata-wp-style--top=\"state.imageButtonTop\"\n\t\t>\n\t\t\t<svg xmlns=\"http:\/\/www.w3.org\/2000\/svg\" width=\"12\" height=\"12\" fill=\"none\" viewBox=\"0 0 12 12\">\n\t\t\t\t<path fill=\"#fff\" d=\"M2 0a2 2 0 0 0-2 2v2h1.5V2a.5.5 0 0 1 .5-.5h2V0H2Zm2 10.5H2a.5.5 0 0 1-.5-.5V8H0v2a2 2 0 0 0 2 2h2v-1.5ZM8 12v-1.5h2a.5.5 0 0 0 .5-.5V8H12v2a2 2 0 0 1-2 2H8Zm2-12a2 2 0 0 1 2 2v2h-1.5V2a.5.5 0 0 0-.5-.5H8V0h2Z\" \/>\n\t\t\t<\/svg>\n\t\t<\/button><\/figure>\n<\/div>\n<\/div><\/div>\n\n\n\n<div class=\"wp-block-uagb-container uagb-block-2c1e5219 alignfull uagb-is-root-container\"><div class=\"uagb-container-inner-blocks-wrap\">\n<h2 class=\"wp-block-heading has-text-align-left\" style=\"text-transform:uppercase\">Ziele<\/h2>\n<\/div><\/div>\n\n\n\n<div class=\"wp-block-uagb-container uagb-block-6ff33054 alignfull uagb-is-root-container\"><div class=\"uagb-container-inner-blocks-wrap\">\n<div class=\"wp-block-uagb-container uagb-block-d1cdcafc\">\n<div class=\"wp-block-uagb-info-box uagb-block-44c526c4 uagb-infobox__content-wrap  uagb-infobox-icon-above-title uagb-infobox-image-valign-top\"><div class=\"uagb-ifb-content\"><div class=\"uagb-ifb-image-content\"><img decoding=\"async\" src=\"https:\/\/sarep.de\/wp-content\/uploads\/2023\/08\/image7.svg\" alt=\"\" width=\"89\" height=\"89\" loading=\"lazy\"\/><\/div><div class=\"uagb-ifb-title-wrap\"><h3 class=\"uagb-ifb-title\">Gr\u00fcne Gesch\u00e4ftsm\u00f6glichkeiten:<\/h3><\/div><p class=\"uagb-ifb-desc\"><em>Mobilisierung privater Investitionen<\/em><br><em>Ein wettbewerbsf\u00e4higes Produktportfolio anbieten<\/em><\/p><\/div><\/div>\n<\/div>\n\n\n\n<div class=\"wp-block-uagb-container uagb-block-b95ad355\">\n<div class=\"wp-block-uagb-info-box uagb-block-cc15f8f2 uagb-infobox__content-wrap  uagb-infobox-icon-above-title uagb-infobox-image-valign-top\"><div class=\"uagb-ifb-content\"><div class=\"uagb-ifb-image-content\"><img decoding=\"async\" src=\"https:\/\/sarep.de\/wp-content\/uploads\/2023\/08\/image9.svg\" alt=\"\" width=\"89\" height=\"89\" loading=\"lazy\"\/><\/div><div class=\"uagb-ifb-title-wrap\"><h3 class=\"uagb-ifb-title\">Abschw\u00e4chung und Anpassung an den Klimawandel:<\/h3><\/div><p class=\"uagb-ifb-desc\"><em>Initiierung von gro\u00df angelegter Kohlenstoffsequestrierung<\/em><br><em>Industrielle Produktion von Biomasse<\/em><br><em>Wasserstoff in industriellem Ma\u00dfstab f\u00fcr die lokale Nutzung und den Export<\/em><\/p><\/div><\/div>\n<\/div>\n\n\n\n<div class=\"wp-block-uagb-container uagb-block-e652e3cc\">\n<div class=\"wp-block-uagb-info-box uagb-block-b8f518e4 uagb-infobox__content-wrap  uagb-infobox-icon-above-title uagb-infobox-image-valign-top\"><div class=\"uagb-ifb-content\"><div class=\"uagb-ifb-image-content\"><img decoding=\"async\" src=\"https:\/\/sarep.de\/wp-content\/uploads\/2023\/08\/image5.svg\" alt=\"\" width=\"89\" height=\"89\" loading=\"lazy\"\/><\/div><div class=\"uagb-ifb-title-wrap\"><h3 class=\"uagb-ifb-title\">Regionale Entwicklung:<\/h3><\/div><p class=\"uagb-ifb-desc\"><em>Verbesserung der Sicherheit von Nahrung, Wasser und Energie<\/em><br><em>Arbeitspl\u00e4tze und Perspektiven schaffen<\/em><br><em>Migration eind\u00e4mmen<\/em><\/p><\/div><\/div>\n<\/div>\n\n\n\n<div class=\"wp-block-uagb-container uagb-block-48474238\">\n<div class=\"wp-block-uagb-info-box uagb-block-93ee11ea uagb-infobox__content-wrap  uagb-infobox-icon-above-title uagb-infobox-image-valign-top\"><div class=\"uagb-ifb-content\"><div class=\"uagb-ifb-image-content\"><img decoding=\"async\" src=\"https:\/\/sarep.de\/wp-content\/uploads\/2023\/08\/image52.svg\" alt=\"\" width=\"89\" height=\"89\" loading=\"lazy\"\/><\/div><div class=\"uagb-ifb-title-wrap\"><h3 class=\"uagb-ifb-title\">Biomasseprodukte f\u00fcr die Industrie:<\/h3><\/div><p class=\"uagb-ifb-desc\"><em>Biobrennstoff, Pellets, Holz, Eiwei\u00df, Biokohle, Feldfr\u00fcchte<\/em><\/p><\/div><\/div>\n<\/div>\n<\/div><\/div>\n\n\n\n<div class=\"wp-block-uagb-container uagb-block-aca81025 alignfull uagb-is-root-container\"><div class=\"uagb-container-inner-blocks-wrap\">\n<h2 class=\"wp-block-heading has-text-align-left\" style=\"margin-top:var(--wp--preset--spacing--50);margin-bottom:var(--wp--preset--spacing--50)\"><strong>DOWNLOADS<\/strong><\/h2>\n\n\n\n<div class=\"wp-block-group is-content-justification-center is-layout-flex wp-container-core-group-is-layout-61bb66a7 wp-block-group-is-layout-flex\">\n<figure class=\"wp-block-image aligncenter size-full is-resized\"><a href=\"https:\/\/sarep.de\/wp-content\/uploads\/2025\/01\/SAREP-Brochure-2025.pdf\" target=\"_blank\" rel=\"noreferrer noopener\"><img loading=\"lazy\" decoding=\"async\" width=\"624\" height=\"878\" src=\"https:\/\/sarep.de\/wp-content\/uploads\/2023\/08\/image11-1.png\" alt=\"\" class=\"wp-image-132\" style=\"width:291px;height:409px\" srcset=\"https:\/\/sarep.de\/wp-content\/uploads\/2023\/08\/image11-1.png 624w, https:\/\/sarep.de\/wp-content\/uploads\/2023\/08\/image11-1-213x300.png 213w\" sizes=\"auto, (max-width: 624px) 100vw, 624px\" \/><\/a><\/figure>\n\n\n\n<figure class=\"wp-block-image size-large is-resized\"><a href=\"http:\/\/sarep.de\/pdf\/SAREP_2025.pdf\"><img decoding=\"async\" src=\"https:\/\/sarep.de\/wp-content\/uploads\/2023\/09\/Screenshot-2023-09-06-at-12-12-56-PowerPoint-Prasentation-SAREP-Pitch.pdf-1024x576.png\" alt=\"\" style=\"width:undefinedpx;height:409px\"\/><\/a><\/figure>\n<\/div>\n\n\n\n<p class=\"has-text-align-center\" style=\"margin-top:var(--wp--preset--spacing--50);margin-bottom:var(--wp--preset--spacing--50)\">The first project brochure providing a concise overview about the project concept is available for <a href=\"https:\/\/sarep.de\/wp-content\/uploads\/2023\/08\/SAREP-Brochure.pdf\" target=\"_blank\" rel=\"noreferrer noopener\">download here<\/a> and the pitch slide deck with more detailed information about the project&#8217;s test plot is available for <a href=\"http:\/\/sarep.de\/pdf\/SAREP_2025.pdf\" target=\"_blank\" rel=\"noreferrer noopener\">download here<\/a>.<\/p>\n<\/div><\/div>\n","protected":false},"excerpt":{"rendered":"<p>Globale Herausforderungen Der globale Klimawandel erfordert kurzfristig und dringend wirksame Ma\u00dfnahmen zur Reduzierung des Aussto\u00dfes von CO2 bzw. Treibhausgasen. Das Net-Zero-Ziel f\u00fcr 2050 gibt den ehrgeizigen Weg zur Fortsetzung und Intensivierung dieser Ma\u00dfnahmen vor. Der Ersatz fossiler Brennstoffe durch die konsequente Nutzung erneuerbarer Energien zur Stromerzeugung und der \u00dcbergang zu [&hellip;]<\/p>\n","protected":false},"author":1,"featured_media":0,"parent":0,"menu_order":0,"comment_status":"closed","ping_status":"closed","template":"","meta":{"_uag_custom_page_level_css":"","site-sidebar-layout":"no-sidebar","site-content-layout":"","ast-site-content-layout":"normal-width-container","site-content-style":"unboxed","site-sidebar-style":"default","ast-global-header-display":"","ast-banner-title-visibility":"","ast-main-header-display":"disabled","ast-hfb-above-header-display":"","ast-hfb-below-header-display":"","ast-hfb-mobile-header-display":"","site-post-title":"disabled","ast-breadcrumbs-content":"","ast-featured-img":"","footer-sml-layout":"","ast-disable-related-posts":"","theme-transparent-header-meta":"default","adv-header-id-meta":"","stick-header-meta":"default","header-above-stick-meta":"","header-main-stick-meta":"","header-below-stick-meta":"","astra-migrate-meta-layouts":"set","ast-page-background-enabled":"default","ast-page-background-meta":{"desktop":{"background-color":"var(--ast-global-color-4)","background-image":"","background-repeat":"repeat","background-position":"center center","background-size":"auto","background-attachment":"scroll","background-type":"","background-media":"","overlay-type":"","overlay-color":"","overlay-opacity":"","overlay-gradient":""},"tablet":{"background-color":"","background-image":"","background-repeat":"repeat","background-position":"center center","background-size":"auto","background-attachment":"scroll","background-type":"","background-media":"","overlay-type":"","overlay-color":"","overlay-opacity":"","overlay-gradient":""},"mobile":{"background-color":"","background-image":"","background-repeat":"repeat","background-position":"center center","background-size":"auto","background-attachment":"scroll","background-type":"","background-media":"","overlay-type":"","overlay-color":"","overlay-opacity":"","overlay-gradient":""}},"ast-content-background-meta":{"desktop":{"background-color":"var(--ast-global-color-5)","background-image":"","background-repeat":"repeat","background-position":"center center","background-size":"auto","background-attachment":"scroll","background-type":"","background-media":"","overlay-type":"","overlay-color":"","overlay-opacity":"","overlay-gradient":""},"tablet":{"background-color":"var(--ast-global-color-5)","background-image":"","background-repeat":"repeat","background-position":"center center","background-size":"auto","background-attachment":"scroll","background-type":"","background-media":"","overlay-type":"","overlay-color":"","overlay-opacity":"","overlay-gradient":""},"mobile":{"background-color":"var(--ast-global-color-5)","background-image":"","background-repeat":"repeat","background-position":"center center","background-size":"auto","background-attachment":"scroll","background-type":"","background-media":"","overlay-type":"","overlay-color":"","overlay-opacity":"","overlay-gradient":""}},"footnotes":""},"class_list":["post-1303","page","type-page","status-publish","hentry"],"uagb_featured_image_src":{"full":false,"thumbnail":false,"medium":false,"medium_large":false,"large":false,"1536x1536":false,"2048x2048":false,"wptl-600x450":false,"wptl-320x220":false,"wptl-100x100":false,"gform-image-choice-sm":false,"gform-image-choice-md":false,"gform-image-choice-lg":false},"uagb_author_info":{"display_name":"sarepadmin","author_link":"https:\/\/sarep.de\/de\/author\/sarepadmin\/"},"uagb_comment_info":0,"uagb_excerpt":"Globale Herausforderungen Der globale Klimawandel erfordert kurzfristig und dringend wirksame Ma\u00dfnahmen zur Reduzierung des Aussto\u00dfes von CO2 bzw. Treibhausgasen. Das Net-Zero-Ziel f\u00fcr 2050 gibt den ehrgeizigen Weg zur Fortsetzung und Intensivierung dieser Ma\u00dfnahmen vor. Der Ersatz fossiler Brennstoffe durch die konsequente Nutzung erneuerbarer Energien zur Stromerzeugung und der \u00dcbergang zu [&hellip;]","_links":{"self":[{"href":"https:\/\/sarep.de\/de\/wp-json\/wp\/v2\/pages\/1303","targetHints":{"allow":["GET"]}}],"collection":[{"href":"https:\/\/sarep.de\/de\/wp-json\/wp\/v2\/pages"}],"about":[{"href":"https:\/\/sarep.de\/de\/wp-json\/wp\/v2\/types\/page"}],"author":[{"embeddable":true,"href":"https:\/\/sarep.de\/de\/wp-json\/wp\/v2\/users\/1"}],"replies":[{"embeddable":true,"href":"https:\/\/sarep.de\/de\/wp-json\/wp\/v2\/comments?post=1303"}],"version-history":[{"count":10,"href":"https:\/\/sarep.de\/de\/wp-json\/wp\/v2\/pages\/1303\/revisions"}],"predecessor-version":[{"id":1663,"href":"https:\/\/sarep.de\/de\/wp-json\/wp\/v2\/pages\/1303\/revisions\/1663"}],"wp:attachment":[{"href":"https:\/\/sarep.de\/de\/wp-json\/wp\/v2\/media?parent=1303"}],"curies":[{"name":"wp","href":"https:\/\/api.w.org\/{rel}","templated":true}]}}