{"id":1347,"date":"2023-08-21T22:27:12","date_gmt":"2023-08-21T20:27:12","guid":{"rendered":"https:\/\/sarep.de\/projektteam\/"},"modified":"2025-09-18T08:21:34","modified_gmt":"2025-09-18T06:21:34","slug":"projektteam","status":"publish","type":"page","link":"https:\/\/sarep.de\/de\/projektteam\/","title":{"rendered":"Projektteam"},"content":{"rendered":"\n<p style=\"margin-top:var(--wp--preset--spacing--50);margin-bottom:var(--wp--preset--spacing--70)\">Das Kernteam von SAREP besteht aus hochspezialisierten Experten aus Industrie und Wissenschaft, die auf eine langj\u00e4hrige Erfahrung in verschiedenen Disziplinen zur\u00fcckblicken k\u00f6nnen. Durch die Planung und Durchf\u00fchrung von Projekten auf der ganzen Welt sind alle Teammitglieder dem gemeinsamen Ziel, die SAREP-Vision Wirklichkeit werden zu lassen, sehr verbunden. <\/p>\n\n\n\n<div class=\"wp-block-uagb-container uagb-block-e93982a4 alignfull uagb-is-root-container\"><div class=\"uagb-container-inner-blocks-wrap\">\n<div class=\"wp-block-uagb-container uagb-block-f1d05055\">\n<div class=\"wp-block-uagb-image alignright uagb-block-fef2208a wp-block-uagb-image--layout-default wp-block-uagb-image--effect-static wp-block-uagb-image--align-right\"><figure class=\"wp-block-uagb-image__figure\"><img decoding=\"async\"  sizes=\"auto, (max-width: 480px) 150px\" src=\"https:\/\/sarep.de\/wp-content\/uploads\/2023\/08\/image13.png\" alt=\"\" width=\"142\" height=\"66\" title=\"\" loading=\"lazy\" role=\"img\"\/><\/figure><\/div>\n\n\n\n<p class=\"has-text-align-right\">Institut f\u00fcr angewandtes Stoffstrommanagement<\/p>\n<\/div>\n\n\n\n<div class=\"wp-block-uagb-container uagb-block-bdd3b895\">\n<p>Das IfaS mit Sitz auf dem Umwelt-Campus Birkenfeld, der gr\u00fcnsten Hochschule Deutschlands, konzipiert und realisiert seit mehr als 20 Jahren Projekte auf der ganzen Welt. Der Schwerpunkt liegt auf der Entwicklung innovativer Konzepte und L\u00f6sungen in den Bereichen Kreislaufwirtschaft und emissionsfreie Systeme. <br><br>Prof. Dr. Peter Heck, der Gesch\u00e4ftsf\u00fchrer des IfaS und der Kopf hinter der SAREP-Vision, koordiniert alle Projektaktivit\u00e4ten. Als renommierter Experte f\u00fcr Kreislaufwirtschaft ist es ihm ein pers\u00f6nliches Anliegen, einen einzigartigen Green Business Case zu erstellen, der die gr\u00f6\u00dftm\u00f6glichen positiven Auswirkungen entfaltet. <br><br>Das umfangreiche Wissen von Dr. Gerhard Ohlde \u00fcber Land-, Forst- und Viehwirtschaft in Trockengebieten in Verbindung mit seiner gro\u00dfen Erfahrung in der Arbeit in vielen verschiedenen L\u00e4ndern (\u00c4gypten, Somalia, Jemen, &#8230;) ist von gro\u00dfem Wert f\u00fcr das Agroforstsegment von SAREP.<\/p>\n\n\n\n<p>Meriem Drissi Sbai, eine marokkanische Projektmanagerin mit einem Master of Science in Internationalem Materialflussmanagement (IMAT), wird das Sahara Renaissance Projekt koordinieren. Ihr Wissen und ihr kulturelles Verst\u00e4ndnis in Verbindung mit ihrer Erfahrung im Bereich des nachhaltigen Ressourcenmanagements werden von unsch\u00e4tzbarem Wert sein, um die Zusammenarbeit zu f\u00f6rdern und den Erfolg des Projekts in der Region voranzutreiben. <\/p>\n\n\n\n<p>Als Co-Leiter der internationalen Abteilung von IfaS erg\u00e4nzt Dr. Felix Flesch das IfaS-Team. Mit seinem Hintergrund in \u00d6konomie und Biologie sammelte er wertvolle Erfahrungen bei der Umsetzung von Projekten auf der ganzen Welt, wie z.B. dem Aufbau einer mit Abwasser bew\u00e4sserten Jatropha-Plantage im W\u00fcstensand von Marokko. <\/p>\n\n\n\n<p>Jan Weiten, ein Projektmanager bei IfaS mit einem Master-Abschluss in Umwelt- und Betriebswirtschaft, hat im Rahmen fr\u00fcherer Projekte Erfahrungen in der Finanzmodellierung und der Berechnung des CO2-Fu\u00dfabdrucks gesammelt. Dieses Fachwissen wird in die Analyse der wirtschaftlichen Rahmenbedingungen des Projekts einflie\u00dfen. <\/p>\n\n\n\n<p>Bhushan Chaudhary, ein Projektmanager bei IfaS mit einem Master of Science in Internationalem Materialflussmanagement (IMAT), wird die technischen Aspekte von SAREP \u00fcberwachen. Mit seinem fundierten Hintergrundwissen in den Bereichen erneuerbare Energien, gr\u00fcner Wasserstoff und konzeptionelle Modellierung wird er sicherstellen, dass alle technischen Komponenten von SAREP den h\u00f6chsten Industriestandards entsprechen und die besten auf dem Markt verf\u00fcgbaren Technologien einsetzen. <\/p>\n\n\n\n<p>Als Projektmanagerin bei IfaS spielt Morimi Tokuyama eine Schl\u00fcsselrolle bei der Gestaltung der Strategien zur Kohlenstoffreduzierung des Projekts. Mit ihrer umfassenden Erfahrung im Kohlenstoffmanagement stellt sie sicher, dass das Projekt die internationalen Zertifizierungsanforderungen erf\u00fcllt und gleichzeitig sinnvolle Klimaschutzma\u00dfnahmen ergreift. <\/p>\n\n\n\n<div class=\"wp-block-columns is-layout-flex wp-container-core-columns-is-layout-28f84493 wp-block-columns-is-layout-flex\">\n<div class=\"wp-block-column is-layout-flow wp-block-column-is-layout-flow\">\n<div class=\"wp-block-uagb-team uagb-team__image-position-above uagb-team__align-center uagb-team__stack-tablet uagb-block-7829a94b\"><div class=\"uagb-team__content\"><img decoding=\"async\" class=\"uagb-team__image-crop-circle\" src=\"https:\/\/sarep.de\/wp-content\/uploads\/2023\/08\/image59-150x150.png\" alt=\"\" height=\"100\" width=\"100\" loading=\"lazy\"\/><h3 class=\"uagb-team__title\">Prof. Dr. Peter Heck<\/h3><span class=\"uagb-team__prefix\">Project Lead, Managing Director of IfaS<\/span><p class=\"uagb-team__desc\"><\/p><\/div><\/div>\n<\/div>\n\n\n\n<div class=\"wp-block-column is-layout-flow wp-block-column-is-layout-flow\">\n<div class=\"wp-block-uagb-team uagb-team__image-position-above uagb-team__align-center uagb-team__stack-tablet uagb-block-0797b723\"><div class=\"uagb-team__content\"><img decoding=\"async\" class=\"uagb-team__image-crop-circle\" src=\"https:\/\/sarep.de\/wp-content\/uploads\/2023\/08\/image58-150x150.png\" alt=\"\" height=\"100\" width=\"100\" loading=\"lazy\"\/><h3 class=\"uagb-team__title\">Dr. Gerhard Ohlde<\/h3><span class=\"uagb-team__prefix\">Agroforestry Expert, Project Manager, IfaS<\/span><p class=\"uagb-team__desc\"><\/p><\/div><\/div>\n<\/div>\n<\/div>\n\n\n\n<div class=\"wp-block-columns is-layout-flex wp-container-core-columns-is-layout-28f84493 wp-block-columns-is-layout-flex\">\n<div class=\"wp-block-column is-layout-flow wp-block-column-is-layout-flow\">\n<div class=\"wp-block-uagb-team uagb-team__image-position-above uagb-team__align-center uagb-team__stack-tablet uagb-block-cd01fa34\"><div class=\"uagb-team__content\"><img decoding=\"async\" class=\"uagb-team__image-crop-circle\" src=\"https:\/\/sarep.de\/wp-content\/uploads\/2023\/09\/m-150x150.jpg\" alt=\"\" height=\"100\" width=\"100\" loading=\"lazy\"\/><h3 class=\"uagb-team__title\">Meriem Drissi Sbai, M. Sc<\/h3><span class=\"uagb-team__prefix\">Project Manager, IfaS<\/span><p class=\"uagb-team__desc\"><\/p><\/div><\/div>\n<\/div>\n\n\n\n<div class=\"wp-block-column is-layout-flow wp-block-column-is-layout-flow\">\n<div class=\"wp-block-uagb-team uagb-team__image-position-above uagb-team__align-center uagb-team__stack-tablet uagb-block-3cad9d24\"><div class=\"uagb-team__content\"><img decoding=\"async\" class=\"uagb-team__image-crop-circle\" src=\"https:\/\/sarep.de\/wp-content\/uploads\/2024\/02\/Felix-Flesch-Profil-150x150.png\" alt=\"\" height=\"100\" width=\"100\" loading=\"lazy\"\/><h3 class=\"uagb-team__title\">Dr. Felix Flesch<\/h3><span class=\"uagb-team__prefix\">Project Manager, IfaS<\/span><p class=\"uagb-team__desc\"><\/p><\/div><\/div>\n<\/div>\n<\/div>\n\n\n\n<div class=\"wp-block-columns is-layout-flex wp-container-core-columns-is-layout-28f84493 wp-block-columns-is-layout-flex\">\n<div class=\"wp-block-column is-layout-flow wp-block-column-is-layout-flow\">\n<div class=\"wp-block-uagb-team uagb-team__image-position-above uagb-team__align-center uagb-team__stack-tablet uagb-block-7e8c8939\"><div class=\"uagb-team__content\"><img decoding=\"async\" class=\"uagb-team__image-crop-circle\" src=\"https:\/\/sarep.de\/wp-content\/uploads\/2025\/01\/jan_weiten-150x150.webp\" alt=\"\" height=\"100\" width=\"100\" loading=\"lazy\"\/><h3 class=\"uagb-team__title\">Jan Weiten, M.A.<\/h3><span class=\"uagb-team__prefix\">Project Manager, IfaS<\/span><p class=\"uagb-team__desc\"><\/p><\/div><\/div>\n<\/div>\n\n\n\n<div class=\"wp-block-column is-layout-flow wp-block-column-is-layout-flow\">\n<div class=\"wp-block-uagb-team uagb-team__image-position-above uagb-team__align-center uagb-team__stack-tablet uagb-block-39234d5f\"><div class=\"uagb-team__content\"><img decoding=\"async\" class=\"uagb-team__image-crop-circle\" src=\"https:\/\/sarep.de\/wp-content\/uploads\/2025\/02\/Bhushan-150x150.jpg\" alt=\"\" height=\"100\" width=\"100\" loading=\"lazy\"\/><h3 class=\"uagb-team__title\">Bhushan Chaudhary, M. Sc.<\/h3><span class=\"uagb-team__prefix\">Project Manager, IfaS<\/span><p class=\"uagb-team__desc\"><\/p><\/div><\/div>\n<\/div>\n<\/div>\n\n\n\n<div class=\"wp-block-columns is-layout-flex wp-container-core-columns-is-layout-28f84493 wp-block-columns-is-layout-flex\">\n<div class=\"wp-block-column is-layout-flow wp-block-column-is-layout-flow\">\n<div class=\"wp-block-uagb-team uagb-team__image-position-above uagb-team__align-center uagb-team__stack-tablet uagb-block-e592e2ef\"><div class=\"uagb-team__content\"><img decoding=\"async\" class=\"uagb-team__image-crop-circle\" src=\"https:\/\/sarep.de\/wp-content\/uploads\/2025\/01\/m.tokuyama-138x100-2.jpg\" alt=\"\" height=\"100\" width=\"100\" loading=\"lazy\"\/><h3 class=\"uagb-team__title\">Morimi Tokuyama<\/h3><span class=\"uagb-team__prefix\">Project Manager, IfaS<\/span><p class=\"uagb-team__desc\"><\/p><\/div><\/div>\n<\/div>\n\n\n\n<div class=\"wp-block-column is-layout-flow wp-block-column-is-layout-flow\"><\/div>\n<\/div>\n<\/div>\n<\/div><\/div>\n\n\n\n<div class=\"wp-block-uagb-container uagb-block-aea26731 alignfull uagb-is-root-container\"><div class=\"uagb-container-inner-blocks-wrap\">\n<div class=\"wp-block-uagb-container uagb-block-38ea9daa\">\n<div class=\"wp-block-uagb-image alignright uagb-block-4139e4f2 wp-block-uagb-image--layout-default wp-block-uagb-image--effect-static wp-block-uagb-image--align-right\"><figure class=\"wp-block-uagb-image__figure\"><img decoding=\"async\"  sizes=\"auto, (max-width: 480px) 150px\" src=\"https:\/\/sarep.de\/wp-content\/uploads\/2023\/08\/image14.png\" alt=\"\" width=\"243\" height=\"72\" title=\"\" loading=\"lazy\" role=\"img\"\/><\/figure><\/div>\n\n\n\n<p class=\"has-text-align-right\">Synlift Industrieprodukte <br>GmbH &amp;Co. KG<\/p>\n<\/div>\n\n\n\n<div class=\"wp-block-uagb-container uagb-block-79cbd17e\">\n<p>Als f\u00fchrendes Unternehmen in der Planung und Inbetriebnahme von Meerwasserentsalzungsanlagen auf Basis erneuerbarer Energien ist Synlift der richtige Partner f\u00fcr das Versorgungssegment von SAREP. Aufgrund seiner Erfahrungen als gesch\u00e4ftsf\u00fchrender Gesellschafter ist Herr K\u00e4ufler nicht nur ein Veteran der Projektumsetzung in L\u00e4ndern des Nahen Ostens und Chiles, sondern hat auch die urspr\u00fcngliche Idee hinter SAREP mitentwickelt. <\/p>\n\n\n\n<div class=\"wp-block-uagb-team uagb-team__image-position-above uagb-team__align-center uagb-team__stack-tablet uagb-block-5ade6f46\"><div class=\"uagb-team__content\"><img decoding=\"async\" class=\"uagb-team__image-crop-circle\" src=\"https:\/\/sarep.de\/wp-content\/uploads\/2023\/08\/image60-150x150.png\" alt=\"\" height=\"100\" width=\"100\" loading=\"lazy\"\/><h3 class=\"uagb-team__title\">Dipl.-Ing. Joachim K\u00e4ufler<\/h3><span class=\"uagb-team__prefix\">Seawater Desalination Expert,<br>Managing Partner, Synlift Industrial Products GmbH &amp; Co. KG<\/span><p class=\"uagb-team__desc\"><\/p><\/div><\/div>\n<\/div>\n<\/div><\/div>\n\n\n\n<div class=\"wp-block-uagb-container uagb-block-a229c0e0 alignfull uagb-is-root-container\"><div class=\"uagb-container-inner-blocks-wrap\">\n<div class=\"wp-block-uagb-container uagb-block-06d35d21\">\n<div class=\"wp-block-uagb-image alignright uagb-block-8d0633c8 wp-block-uagb-image--layout-default wp-block-uagb-image--effect-static wp-block-uagb-image--align-right\"><figure class=\"wp-block-uagb-image__figure\"><img decoding=\"async\"  sizes=\"auto, (max-width: 480px) 150px\" src=\"https:\/\/sarep.de\/wp-content\/uploads\/2023\/08\/image63.png\" alt=\"\" width=\"239\" height=\"37\" title=\"\" loading=\"lazy\" role=\"img\"\/><\/figure><\/div>\n\n\n\n<p class=\"has-text-align-right\">Pro G.E.O. Ingenieurgesellschaft mbH<\/p>\n<\/div>\n\n\n\n<div class=\"wp-block-uagb-container uagb-block-94de48d6\">\n<p>Als sehr erfahrener Ingenieur in der Bergbau- und Stahlindustrie kann Herr Neu auf Erfahrungen aus erster Hand bei der Umsetzung von Projekten in Mauretanien zur\u00fcckblicken. Seine Einblicke in die deutsche und mauretanische Stahlindustrie machen ihn zur perfekten Besetzung f\u00fcr die Planung des Industriekomplexes von SAREP. <\/p>\n\n\n\n<div class=\"wp-block-uagb-team uagb-team__image-position-above uagb-team__align-center uagb-team__stack-tablet uagb-block-6d27f4f2\"><div class=\"uagb-team__content\"><img decoding=\"async\" class=\"uagb-team__image-crop-circle\" src=\"https:\/\/sarep.de\/wp-content\/uploads\/2023\/09\/Hr-150x150.jpg\" alt=\"\" height=\"100\" width=\"100\" loading=\"lazy\"\/><h3 class=\"uagb-team__title\">Dipl.-Ing. Thomas Neu<\/h3><span class=\"uagb-team__prefix\">Mining &amp; Steel Production Expert,<br>proG.E.O. Ingenieurgesellschaft mbH<\/span><p class=\"uagb-team__desc\"><\/p><\/div><\/div>\n<\/div>\n<\/div><\/div>\n\n\n\n<div class=\"wp-block-uagb-container uagb-block-1f7a9cf6 alignfull uagb-is-root-container\"><div class=\"uagb-container-inner-blocks-wrap\">\n<div class=\"wp-block-uagb-container uagb-block-ed3c4c16\">\n<div class=\"wp-block-uagb-image alignright uagb-block-0d7e00d8 wp-block-uagb-image--layout-default wp-block-uagb-image--effect-static wp-block-uagb-image--align-right\"><figure class=\"wp-block-uagb-image__figure\"><img decoding=\"async\"  sizes=\"auto, (max-width: 480px) 150px\" src=\"https:\/\/sarep.de\/wp-content\/uploads\/2023\/08\/image65.png\" alt=\"\" width=\"106\" height=\"98\" title=\"\" loading=\"lazy\" role=\"img\"\/><\/figure><\/div>\n\n\n\n<p class=\"has-text-align-right\">Engineering und globale Beratung<\/p>\n<\/div>\n\n\n\n<div class=\"wp-block-uagb-container uagb-block-e7ba1dfb\">\n<p>Aufgrund seiner Erfahrung mit der Durchf\u00fchrung von Projekten in Mauretanien und als Gesch\u00e4ftsf\u00fchrer des in Nouakchott ans\u00e4ssigen Ingenieurb\u00fcros ist Herr Ebnou mit den Bedingungen vor Ort und den Voraussetzungen vertraut, die ein Projekt wie SAREP erf\u00fcllen muss, um erfolgreich zu sein.<\/p>\n\n\n\n<div class=\"wp-block-uagb-team uagb-team__image-position-above uagb-team__align-center uagb-team__stack-tablet uagb-block-e5d6b7ad\"><div class=\"uagb-team__content\"><img decoding=\"async\" class=\"uagb-team__image-crop-circle\" src=\"https:\/\/sarep.de\/wp-content\/uploads\/2023\/08\/image64-150x150.png\" alt=\"\" height=\"100\" width=\"100\" loading=\"lazy\"\/><h3 class=\"uagb-team__title\">Mohamed Abdoullah Ebnou<\/h3><span class=\"uagb-team__prefix\">On-Site Project Implementation,<br>Engineering and Global Consulting, Mauritania<\/span><p class=\"uagb-team__desc\"><\/p><\/div><\/div>\n<\/div>\n<\/div><\/div>\n\n\n\n<div class=\"wp-block-uagb-container uagb-block-06ff5973 alignfull uagb-is-root-container\"><div class=\"uagb-container-inner-blocks-wrap\">\n<h1 class=\"wp-block-heading has-text-align-center has-ast-global-color-1-color has-text-color\"><strong>Partner aus Wissenschaft und Industrie<\/strong><\/h1>\n\n\n\n<p class=\"has-text-align-center\">Das SAREP-Team w\u00e4chst weiter. Derzeit laufen Verhandlungen mit erfahrenen Fachleuten und Wissenschaftlern in verschiedenen Schl\u00fcsselbereichen. Wir sind jedoch immer offen daf\u00fcr, unser Netzwerk zu erweitern und mit wichtigen Technologieanbietern, potenziellen Investoren oder Abnehmern des Produktportfolios des Projekts zusammenzuarbeiten. Interessiert? Sprechen Sie uns hier an!    <\/p>\n<\/div><\/div>\n\n\n\n<div class=\"wp-block-uagb-container uagb-block-1269d1a8 alignfull uagb-is-root-container\"><div class=\"uagb-container-inner-blocks-wrap\">\n<div class=\"wp-block-uagb-container uagb-block-d3d59113\">\n<div class=\"wp-block-uagb-image alignright uagb-block-b1a10d16 wp-block-uagb-image--layout-default wp-block-uagb-image--effect-static wp-block-uagb-image--align-right\"><figure class=\"wp-block-uagb-image__figure\"><img decoding=\"async\" srcset=\"https:\/\/sarep.de\/wp-content\/uploads\/2024\/02\/Tijms-Logo-300x126.jpg ,https:\/\/sarep.de\/wp-content\/uploads\/2024\/02\/Tijms-Logo.jpg 780w, https:\/\/sarep.de\/wp-content\/uploads\/2024\/02\/Tijms-Logo.jpg 360w\" sizes=\"auto, (max-width: 480px) 150px\" src=\"https:\/\/sarep.de\/wp-content\/uploads\/2024\/02\/Tijms-Logo-300x126.jpg\" alt=\"\" class=\"uag-image-1006\" width=\"300\" height=\"126\" title=\"\" loading=\"lazy\" role=\"img\"\/><\/figure><\/div>\n\n\n\n<p class=\"has-text-align-right\">Tijms Trading International B.V.<\/p>\n<\/div>\n\n\n\n<div class=\"wp-block-uagb-container uagb-block-ad0e3d1d\">\n<p>Als Anbieter von Tropfbew\u00e4sserungssystemen und landwirtschaftlichen Maschinen und mit Erfahrungen bei der Durchf\u00fchrung von Gro\u00dfprojekten in verschiedenen westafrikanischen L\u00e4ndern ist Tijms Trading International ein wertvoller Partner f\u00fcr den Agroforstkomplex des Projekts.<\/p>\n<\/div>\n<\/div><\/div>\n\n\n\n<div class=\"wp-block-uagb-container uagb-block-e892fc2d alignfull uagb-is-root-container\"><div class=\"uagb-container-inner-blocks-wrap\">\n<div class=\"wp-block-uagb-container uagb-block-c5af0b3e\">\n<div class=\"wp-block-uagb-image alignright uagb-block-6efecb16 wp-block-uagb-image--layout-default wp-block-uagb-image--effect-static wp-block-uagb-image--align-right\"><figure class=\"wp-block-uagb-image__figure\"><img decoding=\"async\" srcset=\"https:\/\/sarep.de\/wp-content\/uploads\/2024\/02\/DBG-Logo-300x104.png ,https:\/\/sarep.de\/wp-content\/uploads\/2024\/02\/DBG-Logo.png 780w, https:\/\/sarep.de\/wp-content\/uploads\/2024\/02\/DBG-Logo.png 360w\" sizes=\"auto, (max-width: 480px) 150px\" src=\"https:\/\/sarep.de\/wp-content\/uploads\/2024\/02\/DBG-Logo-300x104.png\" alt=\"\" class=\"uag-image-1009\" width=\"300\" height=\"104\" title=\"\" loading=\"lazy\" role=\"img\"\/><\/figure><\/div>\n\n\n\n<p class=\"has-text-align-right\">Deutsche Bodenhilfsstoff-Gesellschaft mbH<\/p>\n<\/div>\n\n\n\n<div class=\"wp-block-uagb-container uagb-block-591c7d83\">\n<p>Die Deutsche Bodenhilfsstoff-Gesellschaft mbH ist ein Anbieter von organischen und biologisch abbaubaren Bodenverbesserern. Das holzbasierte Material wird aus Nebenprodukten der Papierindustrie hergestellt und tr\u00e4gt dazu bei, die Wasserspeicherkapazit\u00e4t von Sandb\u00f6den zu verbessern. Mit seinen Erfahrungen in der Land- und Forstwirtschaft auf sandigen B\u00f6den ist das Unternehmen der ideale Partner f\u00fcr SAREP.  <\/p>\n\n\n\n<p><a href=\"https:\/\/www.deutsche-bodenhilfsstoffe.de\/\" target=\"_blank\" rel=\"noopener\">https:\/\/www.deutsche-bodenhilfsstoffe.de\/<\/a><\/p>\n<\/div>\n<\/div><\/div>\n\n\n\n<div class=\"wp-block-uagb-container uagb-block-0f989e82 alignfull uagb-is-root-container\"><div class=\"uagb-container-inner-blocks-wrap\">\n<div class=\"wp-block-uagb-container uagb-block-621bf62b\">\n<div class=\"wp-block-uagb-image alignright uagb-block-4795f0ce wp-block-uagb-image--layout-default wp-block-uagb-image--effect-static wp-block-uagb-image--align-right\"><figure class=\"wp-block-uagb-image__figure\"><img decoding=\"async\" srcset=\"https:\/\/sarep.de\/wp-content\/uploads\/2024\/02\/Viride-Logo-300x109.png ,https:\/\/sarep.de\/wp-content\/uploads\/2024\/02\/Viride-Logo.png 780w, https:\/\/sarep.de\/wp-content\/uploads\/2024\/02\/Viride-Logo.png 360w\" sizes=\"auto, (max-width: 480px) 150px\" src=\"https:\/\/sarep.de\/wp-content\/uploads\/2024\/02\/Viride-Logo-300x109.png\" alt=\"\" class=\"uag-image-1012\" width=\"300\" height=\"109\" title=\"\" loading=\"lazy\" role=\"img\"\/><\/figure><\/div>\n\n\n\n<p class=\"has-text-align-right\">Viride Gmbh<\/p>\n<\/div>\n\n\n\n<div class=\"wp-block-uagb-container uagb-block-eee0fce6\">\n<p>Viride ist ein innovatives Start-up-Unternehmen, das Mikroalgen produziert. Ihre erste Anlage in S\u00fcdmarokko hat bewiesen, dass ein Produktionssystem unter den gegebenen klimatischen Bedingungen f\u00fcr das Algenwachstum vorteilhaft ist. Abgesehen von nachhaltigen Vorprodukten f\u00fcr die Lebensmittelindustrie wie Omega-3-Fetts\u00e4uren oder Beta-Carotin k\u00f6nnten Algen auch eine Rolle bei der Kohlenstoffbindung spielen. Aufgrund der Synergien zwischen dem Produktionssystem von SAREP und Viride haben beide Unternehmen beschlossen, eine Partnerschaft einzugehen, um ihre gemeinsame Vision einer nachhaltigeren Zukunft zu verwirklichen.   <\/p>\n\n\n\n<p><a href=\"https:\/\/viride.net\/\" target=\"_blank\" rel=\"noopener\">https:\/\/viride.net\/<\/a><\/p>\n<\/div>\n<\/div><\/div>\n\n\n\n<div class=\"wp-block-uagb-container uagb-block-67f7c1e5 alignfull uagb-is-root-container\"><div class=\"uagb-container-inner-blocks-wrap\">\n<div class=\"wp-block-uagb-container uagb-block-0addedcf\">\n<div class=\"wp-block-uagb-image alignright uagb-block-951a1f8b wp-block-uagb-image--layout-default wp-block-uagb-image--effect-static wp-block-uagb-image--align-right\"><figure class=\"wp-block-uagb-image__figure\"><img decoding=\"async\" srcset=\"https:\/\/sarep.de\/wp-content\/uploads\/2024\/02\/Jatropower-Logo.png ,https:\/\/sarep.de\/wp-content\/uploads\/2024\/02\/Jatropower-Logo.png 780w, https:\/\/sarep.de\/wp-content\/uploads\/2024\/02\/Jatropower-Logo.png 360w\" sizes=\"auto, (max-width: 480px) 150px\" src=\"https:\/\/sarep.de\/wp-content\/uploads\/2024\/02\/Jatropower-Logo.png\" alt=\"\" class=\"uag-image-1015\" width=\"199\" height=\"142\" title=\"\" loading=\"lazy\" role=\"img\"\/><\/figure><\/div>\n\n\n\n<p class=\"has-text-align-right\">Jatropower AG<\/p>\n<\/div>\n\n\n\n<div class=\"wp-block-uagb-container uagb-block-c29d6b74\">\n<p>Jatropower ist einer der f\u00fchrenden Anbieter von hochwertigen essbaren Jatropha-Samen und verf\u00fcgt \u00fcber gro\u00dfe Erfahrung in der Jatropha-Z\u00fcchtung und im Jatropha-Anbau, was sie zu einer perfekten Erg\u00e4nzung f\u00fcr SAREP macht.<\/p>\n\n\n\n<p><a href=\"https:\/\/www.jatropower.ch\/\" target=\"_blank\" rel=\"noopener\">https:\/\/www.jatropower.ch\/<\/a><\/p>\n<\/div>\n<\/div><\/div>\n","protected":false},"excerpt":{"rendered":"<p>Das Kernteam von SAREP besteht aus hochspezialisierten Experten aus Industrie und Wissenschaft, die auf eine langj\u00e4hrige Erfahrung in verschiedenen Disziplinen zur\u00fcckblicken k\u00f6nnen. Durch die Planung und Durchf\u00fchrung von Projekten auf der ganzen Welt sind alle Teammitglieder dem gemeinsamen Ziel, die SAREP-Vision Wirklichkeit werden zu lassen, sehr verbunden. Institut f\u00fcr angewandtes [&hellip;]<\/p>\n","protected":false},"author":1,"featured_media":0,"parent":0,"menu_order":0,"comment_status":"closed","ping_status":"closed","template":"","meta":{"_uag_custom_page_level_css":"","site-sidebar-layout":"default","site-content-layout":"","ast-site-content-layout":"default","site-content-style":"default","site-sidebar-style":"default","ast-global-header-display":"","ast-banner-title-visibility":"","ast-main-header-display":"","ast-hfb-above-header-display":"","ast-hfb-below-header-display":"","ast-hfb-mobile-header-display":"","site-post-title":"disabled","ast-breadcrumbs-content":"","ast-featured-img":"","footer-sml-layout":"","ast-disable-related-posts":"","theme-transparent-header-meta":"","adv-header-id-meta":"","stick-header-meta":"","header-above-stick-meta":"","header-main-stick-meta":"","header-below-stick-meta":"","astra-migrate-meta-layouts":"set","ast-page-background-enabled":"default","ast-page-background-meta":{"desktop":{"background-color":"var(--ast-global-color-4)","background-image":"","background-repeat":"repeat","background-position":"center center","background-size":"auto","background-attachment":"scroll","background-type":"","background-media":"","overlay-type":"","overlay-color":"","overlay-opacity":"","overlay-gradient":""},"tablet":{"background-color":"","background-image":"","background-repeat":"repeat","background-position":"center center","background-size":"auto","background-attachment":"scroll","background-type":"","background-media":"","overlay-type":"","overlay-color":"","overlay-opacity":"","overlay-gradient":""},"mobile":{"background-color":"","background-image":"","background-repeat":"repeat","background-position":"center center","background-size":"auto","background-attachment":"scroll","background-type":"","background-media":"","overlay-type":"","overlay-color":"","overlay-opacity":"","overlay-gradient":""}},"ast-content-background-meta":{"desktop":{"background-color":"var(--ast-global-color-5)","background-image":"","background-repeat":"repeat","background-position":"center center","background-size":"auto","background-attachment":"scroll","background-type":"","background-media":"","overlay-type":"","overlay-color":"","overlay-opacity":"","overlay-gradient":""},"tablet":{"background-color":"var(--ast-global-color-5)","background-image":"","background-repeat":"repeat","background-position":"center center","background-size":"auto","background-attachment":"scroll","background-type":"","background-media":"","overlay-type":"","overlay-color":"","overlay-opacity":"","overlay-gradient":""},"mobile":{"background-color":"var(--ast-global-color-5)","background-image":"","background-repeat":"repeat","background-position":"center center","background-size":"auto","background-attachment":"scroll","background-type":"","background-media":"","overlay-type":"","overlay-color":"","overlay-opacity":"","overlay-gradient":""}},"footnotes":""},"class_list":["post-1347","page","type-page","status-publish","hentry"],"uagb_featured_image_src":{"full":false,"thumbnail":false,"medium":false,"medium_large":false,"large":false,"1536x1536":false,"2048x2048":false,"wptl-600x450":false,"wptl-320x220":false,"wptl-100x100":false,"gform-image-choice-sm":false,"gform-image-choice-md":false,"gform-image-choice-lg":false},"uagb_author_info":{"display_name":"sarepadmin","author_link":"https:\/\/sarep.de\/de\/author\/sarepadmin\/"},"uagb_comment_info":0,"uagb_excerpt":"Das Kernteam von SAREP besteht aus hochspezialisierten Experten aus Industrie und Wissenschaft, die auf eine langj\u00e4hrige Erfahrung in verschiedenen Disziplinen zur\u00fcckblicken k\u00f6nnen. Durch die Planung und Durchf\u00fchrung von Projekten auf der ganzen Welt sind alle Teammitglieder dem gemeinsamen Ziel, die SAREP-Vision Wirklichkeit werden zu lassen, sehr verbunden. Institut f\u00fcr angewandtes [&hellip;]","_links":{"self":[{"href":"https:\/\/sarep.de\/de\/wp-json\/wp\/v2\/pages\/1347","targetHints":{"allow":["GET"]}}],"collection":[{"href":"https:\/\/sarep.de\/de\/wp-json\/wp\/v2\/pages"}],"about":[{"href":"https:\/\/sarep.de\/de\/wp-json\/wp\/v2\/types\/page"}],"author":[{"embeddable":true,"href":"https:\/\/sarep.de\/de\/wp-json\/wp\/v2\/users\/1"}],"replies":[{"embeddable":true,"href":"https:\/\/sarep.de\/de\/wp-json\/wp\/v2\/comments?post=1347"}],"version-history":[{"count":14,"href":"https:\/\/sarep.de\/de\/wp-json\/wp\/v2\/pages\/1347\/revisions"}],"predecessor-version":[{"id":1705,"href":"https:\/\/sarep.de\/de\/wp-json\/wp\/v2\/pages\/1347\/revisions\/1705"}],"wp:attachment":[{"href":"https:\/\/sarep.de\/de\/wp-json\/wp\/v2\/media?parent=1347"}],"curies":[{"name":"wp","href":"https:\/\/api.w.org\/{rel}","templated":true}]}}