{"id":1715,"date":"2023-08-29T07:45:51","date_gmt":"2023-08-29T05:45:51","guid":{"rendered":"https:\/\/sarep.de\/?page_id=1715"},"modified":"2025-09-18T09:16:58","modified_gmt":"2025-09-18T07:16:58","slug":"impressum","status":"publish","type":"page","link":"https:\/\/sarep.de\/de\/impressum\/","title":{"rendered":"Impressum"},"content":{"rendered":"\n<p>Institut f\u00fcr angewandtes&nbsp;<dfn>Stoffstrommanagement<\/dfn>&nbsp;(IfaS)<br>Hochschule Trier, Standort Umwelt-Campus Birkenfeld<br>Postfach 1380<br>D-55761 Birkenfeld<\/p>\n\n\n\n<p>Gesch\u00e4ftsf\u00fchrender Direktor<br>Prof. Dr. Peter Heck<br>Tel.:&nbsp; &nbsp; +49 (0) 6782 &#8211; 17 12 21<br>Email:&nbsp;<a>p.heck(at)umwelt-campus.de<\/a><\/p>\n\n\n\n<p>Stellvertretender gesch\u00e4ftsf\u00fchrender Direktor<br>Prof. Dr. Klaus Helling<br>Tel.:&nbsp; +49 (0) 6782 &#8211; 17 12 24<br>Email: k.helling(at)umwelt-campus.de<\/p>\n\n\n\n<p>Vertretungsberechtigung:<br>Die Hochschule Trier, Standort Umwelt-Campus Birkenfeld ist eine K\u00f6rperschaft des \u00f6ffentlichen Rechts, welche durch die Pr\u00e4sidentin der Hochschule, Frau Prof. Dr. Dorit Schumann, gesetzlich vertreten wird.<\/p>\n\n\n\n<p>Umsatzsteueridentifikationsnummer:&nbsp; DE 155 681 598<\/p>\n\n\n\n<p>Aufsichtsbeh\u00f6rde:<\/p>\n\n\n\n<p>Ministerium f\u00fcr Wissenschaft und Gesundheit des Landes Rheinland-Pfalz<br>Mittlere Bleiche 61<br>55116 Mainz<\/p>\n","protected":false},"excerpt":{"rendered":"<p>Institut f\u00fcr angewandtes&nbsp;Stoffstrommanagement&nbsp;(IfaS)Hochschule Trier, Standort Umwelt-Campus BirkenfeldPostfach 1380D-55761 Birkenfeld Gesch\u00e4ftsf\u00fchrender DirektorProf. Dr. Peter HeckTel.:&nbsp; &nbsp; +49 (0) 6782 &#8211; 17 12 21Email:&nbsp;p.heck(at)umwelt-campus.de Stellvertretender gesch\u00e4ftsf\u00fchrender DirektorProf. Dr. Klaus HellingTel.:&nbsp; +49 (0) 6782 &#8211; 17 12 24Email: k.helling(at)umwelt-campus.de Vertretungsberechtigung:Die Hochschule Trier, Standort Umwelt-Campus Birkenfeld ist eine K\u00f6rperschaft des \u00f6ffentlichen Rechts, welche durch [&hellip;]<\/p>\n","protected":false},"author":1,"featured_media":0,"parent":0,"menu_order":0,"comment_status":"closed","ping_status":"closed","template":"","meta":{"_uag_custom_page_level_css":"","site-sidebar-layout":"default","site-content-layout":"","ast-site-content-layout":"default","site-content-style":"default","site-sidebar-style":"default","ast-global-header-display":"","ast-banner-title-visibility":"","ast-main-header-display":"","ast-hfb-above-header-display":"","ast-hfb-below-header-display":"","ast-hfb-mobile-header-display":"","site-post-title":"","ast-breadcrumbs-content":"","ast-featured-img":"","footer-sml-layout":"","ast-disable-related-posts":"","theme-transparent-header-meta":"","adv-header-id-meta":"","stick-header-meta":"","header-above-stick-meta":"","header-main-stick-meta":"","header-below-stick-meta":"","astra-migrate-meta-layouts":"set","ast-page-background-enabled":"default","ast-page-background-meta":{"desktop":{"background-color":"var(--ast-global-color-4)","background-image":"","background-repeat":"repeat","background-position":"center center","background-size":"auto","background-attachment":"scroll","background-type":"","background-media":"","overlay-type":"","overlay-color":"","overlay-opacity":"","overlay-gradient":""},"tablet":{"background-color":"","background-image":"","background-repeat":"repeat","background-position":"center center","background-size":"auto","background-attachment":"scroll","background-type":"","background-media":"","overlay-type":"","overlay-color":"","overlay-opacity":"","overlay-gradient":""},"mobile":{"background-color":"","background-image":"","background-repeat":"repeat","background-position":"center center","background-size":"auto","background-attachment":"scroll","background-type":"","background-media":"","overlay-type":"","overlay-color":"","overlay-opacity":"","overlay-gradient":""}},"ast-content-background-meta":{"desktop":{"background-color":"var(--ast-global-color-5)","background-image":"","background-repeat":"repeat","background-position":"center center","background-size":"auto","background-attachment":"scroll","background-type":"","background-media":"","overlay-type":"","overlay-color":"","overlay-opacity":"","overlay-gradient":""},"tablet":{"background-color":"var(--ast-global-color-5)","background-image":"","background-repeat":"repeat","background-position":"center center","background-size":"auto","background-attachment":"scroll","background-type":"","background-media":"","overlay-type":"","overlay-color":"","overlay-opacity":"","overlay-gradient":""},"mobile":{"background-color":"var(--ast-global-color-5)","background-image":"","background-repeat":"repeat","background-position":"center center","background-size":"auto","background-attachment":"scroll","background-type":"","background-media":"","overlay-type":"","overlay-color":"","overlay-opacity":"","overlay-gradient":""}},"footnotes":""},"class_list":["post-1715","page","type-page","status-publish","hentry"],"uagb_featured_image_src":{"full":false,"thumbnail":false,"medium":false,"medium_large":false,"large":false,"1536x1536":false,"2048x2048":false,"wptl-600x450":false,"wptl-320x220":false,"wptl-100x100":false,"gform-image-choice-sm":false,"gform-image-choice-md":false,"gform-image-choice-lg":false},"uagb_author_info":{"display_name":"sarepadmin","author_link":"https:\/\/sarep.de\/de\/author\/sarepadmin\/"},"uagb_comment_info":0,"uagb_excerpt":"Institut f\u00fcr angewandtes&nbsp;Stoffstrommanagement&nbsp;(IfaS)Hochschule Trier, Standort Umwelt-Campus BirkenfeldPostfach 1380D-55761 Birkenfeld Gesch\u00e4ftsf\u00fchrender DirektorProf. Dr. Peter HeckTel.:&nbsp; &nbsp; +49 (0) 6782 &#8211; 17 12 21Email:&nbsp;p.heck(at)umwelt-campus.de Stellvertretender gesch\u00e4ftsf\u00fchrender DirektorProf. Dr. Klaus HellingTel.:&nbsp; +49 (0) 6782 &#8211; 17 12 24Email: k.helling(at)umwelt-campus.de Vertretungsberechtigung:Die Hochschule Trier, Standort Umwelt-Campus Birkenfeld ist eine K\u00f6rperschaft des \u00f6ffentlichen Rechts, welche durch [&hellip;]","_links":{"self":[{"href":"https:\/\/sarep.de\/de\/wp-json\/wp\/v2\/pages\/1715","targetHints":{"allow":["GET"]}}],"collection":[{"href":"https:\/\/sarep.de\/de\/wp-json\/wp\/v2\/pages"}],"about":[{"href":"https:\/\/sarep.de\/de\/wp-json\/wp\/v2\/types\/page"}],"author":[{"embeddable":true,"href":"https:\/\/sarep.de\/de\/wp-json\/wp\/v2\/users\/1"}],"replies":[{"embeddable":true,"href":"https:\/\/sarep.de\/de\/wp-json\/wp\/v2\/comments?post=1715"}],"version-history":[{"count":1,"href":"https:\/\/sarep.de\/de\/wp-json\/wp\/v2\/pages\/1715\/revisions"}],"predecessor-version":[{"id":1716,"href":"https:\/\/sarep.de\/de\/wp-json\/wp\/v2\/pages\/1715\/revisions\/1716"}],"wp:attachment":[{"href":"https:\/\/sarep.de\/de\/wp-json\/wp\/v2\/media?parent=1715"}],"curies":[{"name":"wp","href":"https:\/\/api.w.org\/{rel}","templated":true}]}}